{"id":1236,"date":"2021-08-04T10:36:14","date_gmt":"2021-08-04T08:36:14","guid":{"rendered":"https:\/\/pensiondeboerderij.com\/umfeld\/"},"modified":"2022-01-10T10:55:41","modified_gmt":"2022-01-10T09:55:41","slug":"umfeld","status":"publish","type":"page","link":"https:\/\/pensiondeboerderij.com\/de\/umfeld\/","title":{"rendered":"Umgebung"},"content":{"rendered":"<p>[et_pb_section fb_built=&#8221;1&#8243; admin_label=&#8221;Header&#8221; _builder_version=&#8221;4.9.10&#8243; use_background_color_gradient=&#8221;on&#8221; background_color_gradient_start=&#8221;rgba(255,255,255,0.89)&#8221; background_color_gradient_end=&#8221;rgba(255,255,255,0)&#8221; background_color_gradient_type=&#8221;radial&#8221; background_color_gradient_direction_radial=&#8221;top left&#8221; background_color_gradient_start_position=&#8221;30%&#8221; background_color_gradient_end_position=&#8221;80%&#8221; background_color_gradient_overlays_image=&#8221;on&#8221; background_image=&#8221;https:\/\/pensiondeboerderij.com\/wp-content\/uploads\/omgeving.jpg&#8221; custom_padding=&#8221;8vw|0px|0|0px|false|false&#8221; global_colors_info=&#8221;{}&#8221;][et_pb_row _builder_version=&#8221;4.9.7&#8243; global_colors_info=&#8221;{}&#8221;][et_pb_column type=&#8221;4_4&#8243; _builder_version=&#8221;3.25&#8243; custom_padding=&#8221;|||&#8221; global_colors_info=&#8221;{}&#8221; custom_padding__hover=&#8221;|||&#8221;][et_pb_text _builder_version=&#8221;4.14.2&#8243; text_font=&#8221;||||||||&#8221; header_font=&#8221;Raleway|700|||||||&#8221; header_font_size=&#8221;80px&#8221; header_line_height=&#8221;1.2em&#8221; header_5_font=&#8221;Raleway|700||on|||||&#8221; header_5_text_color=&#8221;#000000&#8243; header_5_font_size=&#8221;20px&#8221; header_5_letter_spacing=&#8221;0.5em&#8221; header_5_line_height=&#8221;1.8em&#8221; animation_style=&#8221;zoom&#8221; animation_intensity_zoom=&#8221;5%&#8221; header_font_size_tablet=&#8221;48px&#8221; header_font_size_phone=&#8221;32px&#8221; header_font_size_last_edited=&#8221;on|phone&#8221; header_5_font_size_tablet=&#8221;14px&#8221; header_5_font_size_phone=&#8221;12px&#8221; header_5_font_size_last_edited=&#8221;on|desktop&#8221; global_colors_info=&#8221;{}&#8221;]<\/p>\n<h1>Die Umgebung<\/h1>\n<p>[\/et_pb_text][\/et_pb_column][\/et_pb_row][et_pb_row column_structure=&#8221;1_4,1_4,1_4,1_4&#8243; use_custom_gutter=&#8221;on&#8221; make_equal=&#8221;on&#8221; custom_padding_last_edited=&#8221;on|desktop&#8221; _builder_version=&#8221;4.9.7&#8243; background_color=&#8221;#ffffff&#8221; width=&#8221;90%&#8221; max_width=&#8221;90%&#8221; module_alignment=&#8221;left&#8221; custom_margin=&#8221;8vw||||false&#8221; custom_padding=&#8221;0|0px|0px|15vw|false|false&#8221; custom_padding_tablet=&#8221;|||10vw&#8221; custom_padding_phone=&#8221;&#8221; animation_style=&#8221;slide&#8221; animation_direction=&#8221;left&#8221; animation_intensity_slide=&#8221;5%&#8221; use_custom_width=&#8221;on&#8221; width_unit=&#8221;off&#8221; custom_width_percent=&#8221;90%&#8221; global_module=&#8221;866&#8243; saved_tabs=&#8221;all&#8221; locked=&#8221;off&#8221; global_colors_info=&#8221;{}&#8221;][et_pb_column type=&#8221;1_4&#8243; _builder_version=&#8221;3.25&#8243; custom_padding=&#8221;74px|||&#8221; custom_padding_tablet=&#8221;40px|||&#8221; custom_padding_phone=&#8221;20px|||&#8221; custom_padding_last_edited=&#8221;off|desktop&#8221; global_colors_info=&#8221;{}&#8221; padding_phone=&#8221;20px|||&#8221; padding_tablet=&#8221;40px|||&#8221; padding_last_edited=&#8221;off|desktop&#8221; custom_padding__hover=&#8221;|||&#8221;][et_pb_blurb title=&#8221;L \u2013 6550 Berdorf&#8221; use_icon=&#8221;on&#8221; font_icon=&#8221;&#xe081;||divi||400&#8243; icon_color=&#8221;#c3cfd6&#8243; icon_placement=&#8221;left&#8221; image_icon_width=&#8221;24px&#8221; _builder_version=&#8221;4.13.0&#8243; header_level=&#8221;h5&#8243; header_font=&#8221;Raleway|700|||||||&#8221; header_line_height=&#8221;1.4em&#8221; icon_font_size=&#8221;24px&#8221; global_colors_info=&#8221;{}&#8221;][\/et_pb_blurb][\/et_pb_column][et_pb_column type=&#8221;1_4&#8243; _builder_version=&#8221;3.25&#8243; custom_padding=&#8221;74px|||&#8221; custom_padding_tablet=&#8221;40px|||&#8221; custom_padding_phone=&#8221;20px|||&#8221; custom_padding_last_edited=&#8221;off|desktop&#8221; global_colors_info=&#8221;{}&#8221; padding_phone=&#8221;20px|||&#8221; padding_tablet=&#8221;40px|||&#8221; padding_last_edited=&#8221;off|desktop&#8221; custom_padding__hover=&#8221;|||&#8221;][et_pb_blurb title=&#8221;2 Zimmer&#8221; use_icon=&#8221;on&#8221; font_icon=&#8221;&#xe074;||divi||400&#8243; icon_color=&#8221;#c3cfd6&#8243; icon_placement=&#8221;left&#8221; image_icon_width=&#8221;24px&#8221; _builder_version=&#8221;4.13.0&#8243; header_level=&#8221;h5&#8243; header_font=&#8221;Raleway|700|||||||&#8221; header_line_height=&#8221;1.4em&#8221; icon_font_size=&#8221;24px&#8221; global_colors_info=&#8221;{}&#8221;][\/et_pb_blurb][\/et_pb_column][et_pb_column type=&#8221;1_4&#8243; _builder_version=&#8221;3.25&#8243; custom_padding=&#8221;74px|||&#8221; custom_padding_tablet=&#8221;40px|||&#8221; custom_padding_phone=&#8221;20px|||&#8221; custom_padding_last_edited=&#8221;off|desktop&#8221; global_colors_info=&#8221;{}&#8221; padding_phone=&#8221;20px|||&#8221; padding_tablet=&#8221;40px|||&#8221; padding_last_edited=&#8221;off|desktop&#8221; custom_padding__hover=&#8221;|||&#8221;][et_pb_blurb title=&#8221;\u00dcbernachtung mit Fr\u00fchst\u00fcck&#8221; use_icon=&#8221;on&#8221; font_icon=&#8221;&#xe0dc;||divi||400&#8243; icon_color=&#8221;#c3cfd6&#8243; icon_placement=&#8221;left&#8221; image_icon_width=&#8221;24px&#8221; _builder_version=&#8221;4.13.0&#8243; header_level=&#8221;h5&#8243; header_font=&#8221;Raleway|700|||||||&#8221; header_line_height=&#8221;1.4em&#8221; icon_font_size=&#8221;24px&#8221; global_colors_info=&#8221;{}&#8221;][\/et_pb_blurb][\/et_pb_column][et_pb_column type=&#8221;1_4&#8243; _builder_version=&#8221;4.9.7&#8243; background_color=&#8221;#dd9933&#8243; custom_padding=&#8221;|||&#8221; custom_padding_tablet=&#8221;20px||20px||true&#8221; custom_padding_last_edited=&#8221;off|desktop&#8221; global_colors_info=&#8221;{}&#8221; padding_tablet=&#8221;20px||20px||true&#8221; padding_last_edited=&#8221;off|desktop&#8221; custom_padding__hover=&#8221;|||&#8221;][et_pb_button button_url=&#8221;https:\/\/pensiondeboerderij.com\/de\/kontaktinformation\/&#8221; button_text=&#8221;Jetzt buchen&#8221; button_alignment=&#8221;center&#8221; _builder_version=&#8221;4.14.2&#8243; custom_button=&#8221;on&#8221; button_text_color=&#8221;#ffffff&#8221; button_bg_color=&#8221;#dd9933&#8243; button_border_width=&#8221;10px&#8221; button_border_color=&#8221;rgba(0,0,0,0)&#8221; button_border_radius=&#8221;0px&#8221; button_font=&#8221;Raleway|700|||||||&#8221; custom_padding=&#8221;60px||60px||true&#8221; button_border_radius_hover=&#8221;0px&#8221; global_colors_info=&#8221;{}&#8221; button_text_size__hover_enabled=&#8221;off&#8221; button_one_text_size__hover_enabled=&#8221;off&#8221; button_two_text_size__hover_enabled=&#8221;off&#8221; button_text_color__hover_enabled=&#8221;off&#8221; button_one_text_color__hover_enabled=&#8221;off&#8221; button_two_text_color__hover_enabled=&#8221;off&#8221; button_border_width__hover_enabled=&#8221;off&#8221; button_one_border_width__hover_enabled=&#8221;off&#8221; button_two_border_width__hover_enabled=&#8221;off&#8221; button_border_color__hover_enabled=&#8221;off&#8221; button_one_border_color__hover_enabled=&#8221;off&#8221; button_two_border_color__hover_enabled=&#8221;off&#8221; button_border_radius__hover_enabled=&#8221;on&#8221; button_border_radius__hover=&#8221;0px&#8221; button_one_border_radius__hover_enabled=&#8221;off&#8221; button_two_border_radius__hover_enabled=&#8221;off&#8221; button_letter_spacing__hover_enabled=&#8221;off&#8221; button_one_letter_spacing__hover_enabled=&#8221;off&#8221; button_two_letter_spacing__hover_enabled=&#8221;off&#8221; button_bg_color__hover_enabled=&#8221;off&#8221; button_one_bg_color__hover_enabled=&#8221;off&#8221; button_two_bg_color__hover_enabled=&#8221;off&#8221;][\/et_pb_button][\/et_pb_column][\/et_pb_row][\/et_pb_section][et_pb_section fb_built=&#8221;1&#8243; admin_label=&#8221;Room Details&#8221; _builder_version=&#8221;3.22&#8243; global_colors_info=&#8221;{}&#8221;][et_pb_row column_structure=&#8221;3_5,2_5&#8243; _builder_version=&#8221;4.9.10&#8243; _module_preset=&#8221;default&#8221; custom_padding=&#8221;0px||0px||false|false&#8221; global_colors_info=&#8221;{}&#8221;][et_pb_column type=&#8221;3_5&#8243; _builder_version=&#8221;4.9.7&#8243; _module_preset=&#8221;default&#8221; global_colors_info=&#8221;{}&#8221;][et_pb_text _builder_version=&#8221;4.9.10&#8243; _module_preset=&#8221;default&#8221; global_colors_info=&#8221;{}&#8221;]<\/p>\n<h3>Die Umgebung :<\/h3>\n<p>Aufgrund ihrer zentralen Lage ist die Pension \u201eDe Boerderij\u201c auch ein idealer Ausgangspunkt f\u00fcr einen Besuch der vielen historischen und kulturellen Sehensw\u00fcrdigkeiten in Luxemburg.<\/p>\n<p>In unmittelbarer N\u00e4he sind nat\u00fcrlich interessant zu besichtigen: \u00b7Echternach, Beaufort, Vianden, Larochette, Luxemburg-Stadt und Trier (D).<br \/>Es gibt viele M\u00f6glichkeiten zum Wandern, Radfahren, Schwimmen, Klettern, Kanufahren.<\/p>\n<p>Und nat\u00fcrlich ist dieses Gebiet ideal f\u00fcr Geocaching-Enthusiasten. Siehe auch: <a href=\"https:\/\/www.opencaching.de\/index.php?usercountry=LU&amp;locale=NL\" target=\"_blank\" rel=\"noopener\">Opencaching<\/a><\/p>\n<p>F\u00fcr die Kinder gibt es einen Spielplatz in Berdorf, direkt neben dem Tourismusb\u00fcro. Es gibt eine Bowlingbahn und eine Skatebahn. Der M\u00e4rchenpark Parc Merveillieux in Bettembourg, der Kletterpark in Vianden, der Dinosaurierpark in Ernzen (D), der Eifelpark in Gondorf (D) sind auch sehr sch\u00f6n zu besuchen.<br \/>Kanufahren auf der Sure, Wandern entlang des Echternacher Sees sind ebenfalls m\u00f6glich.<\/p>\n<p>[\/et_pb_text][\/et_pb_column][et_pb_column type=&#8221;2_5&#8243; _builder_version=&#8221;4.9.7&#8243; _module_preset=&#8221;default&#8221; global_colors_info=&#8221;{}&#8221;][et_pb_image src=&#8221;https:\/\/pensiondeboerderij.com\/wp-content\/uploads\/IMG_20210212_144550-1.jpg&#8221; title_text=&#8221;IMG_20210212_144550&#8243; align=&#8221;right&#8221; module_class=&#8221;custom-ratio ratio-4-3&#8243; _builder_version=&#8221;4.9.10&#8243; _module_preset=&#8221;default&#8221; global_colors_info=&#8221;{}&#8221;][\/et_pb_image][\/et_pb_column][\/et_pb_row][et_pb_row _builder_version=&#8221;4.14.2&#8243; _module_preset=&#8221;default&#8221; custom_margin=&#8221;5vw||||false|false&#8221; custom_padding=&#8221;0px||0px||false|false&#8221; locked=&#8221;off&#8221; global_colors_info=&#8221;{}&#8221;][et_pb_column type=&#8221;4_4&#8243; _builder_version=&#8221;4.9.7&#8243; _module_preset=&#8221;default&#8221; global_colors_info=&#8221;{}&#8221;][et_pb_text _builder_version=&#8221;4.14.2&#8243; _module_preset=&#8221;default&#8221; hover_enabled=&#8221;0&#8243; global_colors_info=&#8221;{}&#8221; sticky_enabled=&#8221;0&#8243;]<\/p>\n<h3>Natur:<\/h3>\n<ul>\n<li>Aufgrund ihrer zentralen Lage in der luxemburgischen Landschaft ist die Pension \u201eDe Boerderij\u201c ein idealer Ausgangspunkt f\u00fcr Wanderungen, Radtouren und Autofahrten.<\/li>\n<li>Eine Zusammenfassung der sch\u00f6nen Pl\u00e4tze in der weiteren Umgebung ist fast unm\u00f6glich. Wohin man auch geht, alles ist gleich sch\u00f6n.<\/li>\n<li>Direkt hinter unserem Haus, nach \u00b1 5 Gehminuten k\u00f6nnen Sie bereits die Umgebung unten bewundern!<\/li>\n<\/ul>\n<p>[\/et_pb_text][\/et_pb_column][\/et_pb_row][et_pb_row _builder_version=&#8221;4.9.10&#8243; _module_preset=&#8221;default&#8221; global_colors_info=&#8221;{}&#8221;][et_pb_column type=&#8221;4_4&#8243; _builder_version=&#8221;4.9.10&#8243; _module_preset=&#8221;default&#8221; global_colors_info=&#8221;{}&#8221;][et_pb_gallery gallery_ids=&#8221;767,1324,1291,1539,1542,1545,1551,1554,1557,1560,1563&#8243; dbdb_version=&#8221;3.6.8&#8243; show_title_and_caption=&#8221;off&#8221; show_pagination=&#8221;off&#8221; module_class=&#8221;custom-gallery-ratio ratio-4-3&#8243; _builder_version=&#8221;4.9.10&#8243; _module_preset=&#8221;default&#8221; global_colors_info=&#8221;{}&#8221;][\/et_pb_gallery][\/et_pb_column][\/et_pb_row][et_pb_row _builder_version=&#8221;4.9.10&#8243; _module_preset=&#8221;default&#8221; custom_margin=&#8221;2vw||||false|false&#8221; custom_padding=&#8221;0px||0px||false|false&#8221; locked=&#8221;off&#8221; global_colors_info=&#8221;{}&#8221;][et_pb_column type=&#8221;4_4&#8243; _builder_version=&#8221;4.9.7&#8243; _module_preset=&#8221;default&#8221; global_colors_info=&#8221;{}&#8221;][et_pb_text _builder_version=&#8221;4.9.10&#8243; _module_preset=&#8221;default&#8221; global_colors_info=&#8221;{}&#8221;]<\/p>\n<h3>F\u00fcr die Kinder&#8230;<\/h3>\n<ul>\n<li>Auch an die Kinder wurde gedacht.<\/li>\n<li>In fu\u00dfl\u00e4ufiger Entfernung (ca. 650 Meter) befindet sich im Wald ein frei zug\u00e4nglicher Spielplatz mit diversen Spielger\u00e4ten wie: Rutsche, Schaukel, Familienschaukel, Karussell etc.<\/li>\n<li>Dieser Spielplatz wurde im April 2008 mit neuen Spielger\u00e4ten ausgestattet.<\/li>\n<li>Sie k\u00f6nnen hier auch im Schatten sitzen oder ein Picknick machen.<\/li>\n<\/ul>\n<p>[\/et_pb_text][\/et_pb_column][\/et_pb_row][et_pb_row column_structure=&#8221;1_3,1_3,1_3&#8243; _builder_version=&#8221;4.9.7&#8243; _module_preset=&#8221;default&#8221; locked=&#8221;off&#8221; global_colors_info=&#8221;{}&#8221;][et_pb_column type=&#8221;1_3&#8243; _builder_version=&#8221;4.9.7&#8243; _module_preset=&#8221;default&#8221; global_colors_info=&#8221;{}&#8221;][et_pb_image src=&#8221;https:\/\/pensiondeboerderij.com\/wp-content\/uploads\/ki-114.jpg&#8221; title_text=&#8221;ki-114&#8243; _builder_version=&#8221;4.9.7&#8243; _module_preset=&#8221;default&#8221; global_colors_info=&#8221;{}&#8221;][\/et_pb_image][\/et_pb_column][et_pb_column type=&#8221;1_3&#8243; _builder_version=&#8221;4.9.7&#8243; _module_preset=&#8221;default&#8221; global_colors_info=&#8221;{}&#8221;][et_pb_image src=&#8221;https:\/\/pensiondeboerderij.com\/wp-content\/uploads\/ki-115.jpg&#8221; title_text=&#8221;ki-115&#8243; _builder_version=&#8221;4.9.7&#8243; _module_preset=&#8221;default&#8221; global_colors_info=&#8221;{}&#8221;][\/et_pb_image][\/et_pb_column][et_pb_column type=&#8221;1_3&#8243; _builder_version=&#8221;4.9.7&#8243; _module_preset=&#8221;default&#8221; global_colors_info=&#8221;{}&#8221;][\/et_pb_column][\/et_pb_row][et_pb_row _builder_version=&#8221;4.9.10&#8243; _module_preset=&#8221;default&#8221; custom_padding=&#8221;0px||0px||false|false&#8221; global_colors_info=&#8221;{}&#8221;][et_pb_column type=&#8221;4_4&#8243; _builder_version=&#8221;4.9.10&#8243; _module_preset=&#8221;default&#8221; global_colors_info=&#8221;{}&#8221;][et_pb_text _builder_version=&#8221;4.9.10&#8243; _module_preset=&#8221;default&#8221; global_colors_info=&#8221;{}&#8221;]Neben dem Spielplatz gibt es auch eine Minigolfanlage und ein Schachspiel in Lebensgr\u00f6\u00dfe.<\/p>\n<ul>\n<li>Gegen\u00fcber dem Spielplatz am Radweg befindet sich ein Bouleplatz.<\/li>\n<li>Schwimmb\u00e4der gibt es in den umliegenden D\u00f6rfern wie Echternach, Echternacherbr\u00fcck und Beaufort.<\/li>\n<\/ul>\n<p>[\/et_pb_text][\/et_pb_column][\/et_pb_row][et_pb_row _builder_version=&#8221;4.9.10&#8243; _module_preset=&#8221;default&#8221; custom_padding=&#8221;3vw||0px||false|false&#8221; locked=&#8221;off&#8221; global_colors_info=&#8221;{}&#8221;][et_pb_column type=&#8221;4_4&#8243; _builder_version=&#8221;4.9.7&#8243; _module_preset=&#8221;default&#8221; global_colors_info=&#8221;{}&#8221;][et_pb_text _builder_version=&#8221;4.9.10&#8243; _module_preset=&#8221;default&#8221; global_colors_info=&#8221;{}&#8221;]<\/p>\n<h3>In unmittelbarer N\u00e4he\u2026<\/h3>\n<ul>\n<li>Wandern, Radfahren, Schwimmen, Klettern, Kanufahren. In der Wintersaison gibt es auch M\u00f6glichkeiten zum Skilanglauf und Skifahren.<\/li>\n<li>In der Hochsaison k\u00f6nnen Sie auch an sportlichen Aktivit\u00e4ten teilnehmen, die von nahe gelegenen Campingpl\u00e4tzen \u00fcber uns organisiert werden.<\/li>\n<li>Und nat\u00fcrlich ist dieses Gebiet ideal f\u00fcr Geocaching-Enthusiasten. Siehe auch:<br \/><a href=\"https:\/\/www.opencaching.de\/index.php?usercountry=LU&amp;locale=NL\" target=\"_blank\" rel=\"noopener\">Opencaching<\/a><\/li>\n<\/ul>\n<p>[\/et_pb_text][\/et_pb_column][\/et_pb_row][et_pb_row column_structure=&#8221;1_3,1_3,1_3&#8243; _builder_version=&#8221;4.9.7&#8243; _module_preset=&#8221;default&#8221; locked=&#8221;off&#8221; global_colors_info=&#8221;{}&#8221;][et_pb_column type=&#8221;1_3&#8243; _builder_version=&#8221;4.9.7&#8243; _module_preset=&#8221;default&#8221; custom_css_main_element=&#8221;margin-right: 0px!important;&#8221; global_colors_info=&#8221;{}&#8221;][et_pb_image src=&#8221;https:\/\/pensiondeboerderij.com\/wp-content\/uploads\/sport-01.jpg&#8221; title_text=&#8221;Sport-01&#8243; align=&#8221;center&#8221; module_class=&#8221;custom-ratio ratio-9-16&#8243; _builder_version=&#8221;4.9.7&#8243; _module_preset=&#8221;default&#8221; max_width=&#8221;75%&#8221; global_colors_info=&#8221;{}&#8221;][\/et_pb_image][\/et_pb_column][et_pb_column type=&#8221;1_3&#8243; _builder_version=&#8221;4.9.7&#8243; _module_preset=&#8221;default&#8221; custom_css_main_element=&#8221;margin-right: 0px!important;&#8221; global_colors_info=&#8221;{}&#8221;][et_pb_image src=&#8221;https:\/\/pensiondeboerderij.com\/wp-content\/uploads\/N-1-2010-949.jpg&#8221; title_text=&#8221;N-1-2010-949&#8243; align=&#8221;center&#8221; module_class=&#8221;custom-ratio ratio-9-16&#8243; _builder_version=&#8221;4.9.10&#8243; _module_preset=&#8221;default&#8221; max_width=&#8221;75%&#8221; global_colors_info=&#8221;{}&#8221;][\/et_pb_image][\/et_pb_column][et_pb_column type=&#8221;1_3&#8243; _builder_version=&#8221;4.9.7&#8243; _module_preset=&#8221;default&#8221; global_colors_info=&#8221;{}&#8221;][et_pb_image src=&#8221;https:\/\/pensiondeboerderij.com\/wp-content\/uploads\/sport-02.jpg&#8221; title_text=&#8221;Sport-02&#8243; align=&#8221;center&#8221; module_class=&#8221;custom-ratio ratio-9-16&#8243; _builder_version=&#8221;4.9.7&#8243; _module_preset=&#8221;default&#8221; max_width=&#8221;75%&#8221; global_colors_info=&#8221;{}&#8221;][\/et_pb_image][\/et_pb_column][\/et_pb_row][\/et_pb_section]<\/p>\n","protected":false},"excerpt":{"rendered":"<p>Die UmgebungDie Umgebung : Aufgrund ihrer zentralen Lage ist die Pension \u201eDe Boerderij\u201c auch ein idealer Ausgangspunkt f\u00fcr einen Besuch der vielen historischen und kulturellen Sehensw\u00fcrdigkeiten in Luxemburg. In unmittelbarer N\u00e4he sind nat\u00fcrlich interessant zu besichtigen: \u00b7Echternach, Beaufort, Vianden, Larochette, Luxemburg-Stadt und Trier (D).Es gibt viele M\u00f6glichkeiten zum Wandern, Radfahren, Schwimmen, Klettern, Kanufahren. Und nat\u00fcrlich [&hellip;]<\/p>\n","protected":false},"author":1,"featured_media":0,"parent":0,"menu_order":25,"comment_status":"closed","ping_status":"closed","template":"","meta":{"_et_pb_use_builder":"on","_et_pb_old_content":"","_et_gb_content_width":"","footnotes":""},"class_list":["post-1236","page","type-page","status-publish","hentry"],"yoast_head":"<!-- This site is optimized with the Yoast SEO plugin v27.4 - https:\/\/yoast.com\/product\/yoast-seo-wordpress\/ -->\n<title>Umgebung - Pension De Boerderij<\/title>\n<meta name=\"robots\" content=\"index, follow, max-snippet:-1, max-image-preview:large, max-video-preview:-1\" \/>\n<link rel=\"canonical\" href=\"https:\/\/pensiondeboerderij.com\/de\/umfeld\/\" \/>\n<meta property=\"og:locale\" content=\"de_DE\" \/>\n<meta property=\"og:type\" content=\"article\" \/>\n<meta property=\"og:title\" content=\"Umgebung - Pension De Boerderij\" \/>\n<meta property=\"og:description\" content=\"Die UmgebungDie Umgebung : Aufgrund ihrer zentralen Lage ist die Pension \u201eDe Boerderij\u201c auch ein idealer Ausgangspunkt f\u00fcr einen Besuch der vielen historischen und kulturellen Sehensw\u00fcrdigkeiten in Luxemburg. In unmittelbarer N\u00e4he sind nat\u00fcrlich interessant zu besichtigen: \u00b7Echternach, Beaufort, Vianden, Larochette, Luxemburg-Stadt und Trier (D).Es gibt viele M\u00f6glichkeiten zum Wandern, Radfahren, Schwimmen, Klettern, Kanufahren. Und nat\u00fcrlich [&hellip;]\" \/>\n<meta property=\"og:url\" content=\"https:\/\/pensiondeboerderij.com\/de\/umfeld\/\" \/>\n<meta property=\"og:site_name\" content=\"Pension De Boerderij\" \/>\n<meta property=\"article:modified_time\" content=\"2022-01-10T09:55:41+00:00\" \/>\n<meta name=\"twitter:card\" content=\"summary_large_image\" \/>\n<meta name=\"twitter:label1\" content=\"Gesch\u00e4tzte Lesezeit\" \/>\n\t<meta name=\"twitter:data1\" content=\"9\u00a0Minuten\" \/>\n<script type=\"application\/ld+json\" class=\"yoast-schema-graph\">{\"@context\":\"https:\\\/\\\/schema.org\",\"@graph\":[{\"@type\":\"WebPage\",\"@id\":\"https:\\\/\\\/pensiondeboerderij.com\\\/de\\\/umfeld\\\/\",\"url\":\"https:\\\/\\\/pensiondeboerderij.com\\\/de\\\/umfeld\\\/\",\"name\":\"Umgebung - Pension De Boerderij\",\"isPartOf\":{\"@id\":\"https:\\\/\\\/pensiondeboerderij.com\\\/de\\\/#website\"},\"datePublished\":\"2021-08-04T08:36:14+00:00\",\"dateModified\":\"2022-01-10T09:55:41+00:00\",\"breadcrumb\":{\"@id\":\"https:\\\/\\\/pensiondeboerderij.com\\\/de\\\/umfeld\\\/#breadcrumb\"},\"inLanguage\":\"de\",\"potentialAction\":[{\"@type\":\"ReadAction\",\"target\":[\"https:\\\/\\\/pensiondeboerderij.com\\\/de\\\/umfeld\\\/\"]}]},{\"@type\":\"BreadcrumbList\",\"@id\":\"https:\\\/\\\/pensiondeboerderij.com\\\/de\\\/umfeld\\\/#breadcrumb\",\"itemListElement\":[{\"@type\":\"ListItem\",\"position\":1,\"name\":\"Home\",\"item\":\"https:\\\/\\\/pensiondeboerderij.com\\\/de\\\/\"},{\"@type\":\"ListItem\",\"position\":2,\"name\":\"Umgebung\"}]},{\"@type\":\"WebSite\",\"@id\":\"https:\\\/\\\/pensiondeboerderij.com\\\/de\\\/#website\",\"url\":\"https:\\\/\\\/pensiondeboerderij.com\\\/de\\\/\",\"name\":\"Pension De Boerderij\",\"description\":\"Ligt in het schitterende M\u00fcllerthal, ook wel klein Zwitserland genoemd.\",\"potentialAction\":[{\"@type\":\"SearchAction\",\"target\":{\"@type\":\"EntryPoint\",\"urlTemplate\":\"https:\\\/\\\/pensiondeboerderij.com\\\/de\\\/?s={search_term_string}\"},\"query-input\":{\"@type\":\"PropertyValueSpecification\",\"valueRequired\":true,\"valueName\":\"search_term_string\"}}],\"inLanguage\":\"de\"}]}<\/script>\n<!-- \/ Yoast SEO plugin. -->","yoast_head_json":{"title":"Umgebung - Pension De Boerderij","robots":{"index":"index","follow":"follow","max-snippet":"max-snippet:-1","max-image-preview":"max-image-preview:large","max-video-preview":"max-video-preview:-1"},"canonical":"https:\/\/pensiondeboerderij.com\/de\/umfeld\/","og_locale":"de_DE","og_type":"article","og_title":"Umgebung - Pension De Boerderij","og_description":"Die UmgebungDie Umgebung : Aufgrund ihrer zentralen Lage ist die Pension \u201eDe Boerderij\u201c auch ein idealer Ausgangspunkt f\u00fcr einen Besuch der vielen historischen und kulturellen Sehensw\u00fcrdigkeiten in Luxemburg. In unmittelbarer N\u00e4he sind nat\u00fcrlich interessant zu besichtigen: \u00b7Echternach, Beaufort, Vianden, Larochette, Luxemburg-Stadt und Trier (D).Es gibt viele M\u00f6glichkeiten zum Wandern, Radfahren, Schwimmen, Klettern, Kanufahren. Und nat\u00fcrlich [&hellip;]","og_url":"https:\/\/pensiondeboerderij.com\/de\/umfeld\/","og_site_name":"Pension De Boerderij","article_modified_time":"2022-01-10T09:55:41+00:00","twitter_card":"summary_large_image","twitter_misc":{"Gesch\u00e4tzte Lesezeit":"9\u00a0Minuten"},"schema":{"@context":"https:\/\/schema.org","@graph":[{"@type":"WebPage","@id":"https:\/\/pensiondeboerderij.com\/de\/umfeld\/","url":"https:\/\/pensiondeboerderij.com\/de\/umfeld\/","name":"Umgebung - Pension De Boerderij","isPartOf":{"@id":"https:\/\/pensiondeboerderij.com\/de\/#website"},"datePublished":"2021-08-04T08:36:14+00:00","dateModified":"2022-01-10T09:55:41+00:00","breadcrumb":{"@id":"https:\/\/pensiondeboerderij.com\/de\/umfeld\/#breadcrumb"},"inLanguage":"de","potentialAction":[{"@type":"ReadAction","target":["https:\/\/pensiondeboerderij.com\/de\/umfeld\/"]}]},{"@type":"BreadcrumbList","@id":"https:\/\/pensiondeboerderij.com\/de\/umfeld\/#breadcrumb","itemListElement":[{"@type":"ListItem","position":1,"name":"Home","item":"https:\/\/pensiondeboerderij.com\/de\/"},{"@type":"ListItem","position":2,"name":"Umgebung"}]},{"@type":"WebSite","@id":"https:\/\/pensiondeboerderij.com\/de\/#website","url":"https:\/\/pensiondeboerderij.com\/de\/","name":"Pension De Boerderij","description":"Ligt in het schitterende M\u00fcllerthal, ook wel klein Zwitserland genoemd.","potentialAction":[{"@type":"SearchAction","target":{"@type":"EntryPoint","urlTemplate":"https:\/\/pensiondeboerderij.com\/de\/?s={search_term_string}"},"query-input":{"@type":"PropertyValueSpecification","valueRequired":true,"valueName":"search_term_string"}}],"inLanguage":"de"}]}},"_links":{"self":[{"href":"https:\/\/pensiondeboerderij.com\/de\/wp-json\/wp\/v2\/pages\/1236","targetHints":{"allow":["GET"]}}],"collection":[{"href":"https:\/\/pensiondeboerderij.com\/de\/wp-json\/wp\/v2\/pages"}],"about":[{"href":"https:\/\/pensiondeboerderij.com\/de\/wp-json\/wp\/v2\/types\/page"}],"author":[{"embeddable":true,"href":"https:\/\/pensiondeboerderij.com\/de\/wp-json\/wp\/v2\/users\/1"}],"replies":[{"embeddable":true,"href":"https:\/\/pensiondeboerderij.com\/de\/wp-json\/wp\/v2\/comments?post=1236"}],"version-history":[{"count":16,"href":"https:\/\/pensiondeboerderij.com\/de\/wp-json\/wp\/v2\/pages\/1236\/revisions"}],"predecessor-version":[{"id":1900,"href":"https:\/\/pensiondeboerderij.com\/de\/wp-json\/wp\/v2\/pages\/1236\/revisions\/1900"}],"wp:attachment":[{"href":"https:\/\/pensiondeboerderij.com\/de\/wp-json\/wp\/v2\/media?parent=1236"}],"curies":[{"name":"wp","href":"https:\/\/api.w.org\/{rel}","templated":true}]}}