{"id":1139,"date":"2021-07-16T12:09:45","date_gmt":"2021-07-16T10:09:45","guid":{"rendered":"https:\/\/pensiondeboerderij.com\/barrierefreiheit\/reiseinformation\/"},"modified":"2022-01-10T10:58:38","modified_gmt":"2022-01-10T09:58:38","slug":"reiseinformation","status":"publish","type":"page","link":"https:\/\/pensiondeboerderij.com\/de\/erreichbarkeit\/reiseinformation\/","title":{"rendered":"Reiseinformationen"},"content":{"rendered":"<p>[et_pb_section fb_built=&#8221;1&#8243; admin_label=&#8221;Header&#8221; _builder_version=&#8221;4.13.0&#8243; use_background_color_gradient=&#8221;on&#8221; background_color_gradient_start=&#8221;rgba(255,255,255,0.89)&#8221; background_color_gradient_end=&#8221;rgba(255,255,255,0)&#8221; background_color_gradient_type=&#8221;radial&#8221; background_color_gradient_direction_radial=&#8221;top left&#8221; background_color_gradient_start_position=&#8221;30%&#8221; background_color_gradient_end_position=&#8221;80%&#8221; background_color_gradient_overlays_image=&#8221;on&#8221; background_image=&#8221;https:\/\/pensiondeboerderij.com\/wp-content\/uploads\/wegwijzers-1.jpg&#8221; background_position=&#8221;bottom_center&#8221; custom_padding=&#8221;8vw|0px|0|0px|false|false&#8221; global_colors_info=&#8221;{}&#8221;][et_pb_row _builder_version=&#8221;4.9.7&#8243; global_colors_info=&#8221;{}&#8221;][et_pb_column type=&#8221;4_4&#8243; _builder_version=&#8221;3.25&#8243; custom_padding=&#8221;|||&#8221; global_colors_info=&#8221;{}&#8221; custom_padding__hover=&#8221;|||&#8221;][et_pb_text _builder_version=&#8221;4.9.10&#8243; text_font=&#8221;||||||||&#8221; header_font=&#8221;Raleway|700|||||||&#8221; header_font_size=&#8221;80px&#8221; header_line_height=&#8221;1.2em&#8221; header_5_font=&#8221;Raleway|700||on|||||&#8221; header_5_text_color=&#8221;#000000&#8243; header_5_font_size=&#8221;20px&#8221; header_5_letter_spacing=&#8221;0.5em&#8221; header_5_line_height=&#8221;1.8em&#8221; animation_style=&#8221;zoom&#8221; animation_intensity_zoom=&#8221;5%&#8221; header_font_size_tablet=&#8221;48px&#8221; header_font_size_phone=&#8221;32px&#8221; header_font_size_last_edited=&#8221;on|phone&#8221; header_5_font_size_tablet=&#8221;14px&#8221; header_5_font_size_phone=&#8221;12px&#8221; header_5_font_size_last_edited=&#8221;on|desktop&#8221; global_colors_info=&#8221;{}&#8221;]<\/p>\n<h5>Reiseinformationen sind wichtig<\/h5>\n<h1>Reiseinformationen<\/h1>\n<p>[\/et_pb_text][\/et_pb_column][\/et_pb_row][et_pb_row column_structure=&#8221;1_4,1_4,1_4,1_4&#8243; use_custom_gutter=&#8221;on&#8221; make_equal=&#8221;on&#8221; custom_padding_last_edited=&#8221;on|desktop&#8221; _builder_version=&#8221;4.9.7&#8243; background_color=&#8221;#ffffff&#8221; width=&#8221;90%&#8221; max_width=&#8221;90%&#8221; module_alignment=&#8221;left&#8221; custom_margin=&#8221;8vw||||false&#8221; custom_padding=&#8221;0|0px|0px|15vw|false|false&#8221; custom_padding_tablet=&#8221;|||10vw&#8221; custom_padding_phone=&#8221;&#8221; animation_style=&#8221;slide&#8221; animation_direction=&#8221;left&#8221; animation_intensity_slide=&#8221;5%&#8221; use_custom_width=&#8221;on&#8221; width_unit=&#8221;off&#8221; custom_width_percent=&#8221;90%&#8221; global_module=&#8221;866&#8243; saved_tabs=&#8221;all&#8221; locked=&#8221;off&#8221; global_colors_info=&#8221;{}&#8221;][et_pb_column type=&#8221;1_4&#8243; _builder_version=&#8221;3.25&#8243; custom_padding=&#8221;74px|||&#8221; custom_padding_tablet=&#8221;40px|||&#8221; custom_padding_phone=&#8221;20px|||&#8221; custom_padding_last_edited=&#8221;off|desktop&#8221; global_colors_info=&#8221;{}&#8221; padding_phone=&#8221;20px|||&#8221; padding_tablet=&#8221;40px|||&#8221; padding_last_edited=&#8221;off|desktop&#8221; custom_padding__hover=&#8221;|||&#8221;][et_pb_blurb title=&#8221;L \u2013 6550 Berdorf&#8221; use_icon=&#8221;on&#8221; font_icon=&#8221;&#xe081;||divi||400&#8243; icon_color=&#8221;#c3cfd6&#8243; icon_placement=&#8221;left&#8221; image_icon_width=&#8221;24px&#8221; _builder_version=&#8221;4.13.0&#8243; header_level=&#8221;h5&#8243; header_font=&#8221;Raleway|700|||||||&#8221; header_line_height=&#8221;1.4em&#8221; icon_font_size=&#8221;24px&#8221; global_colors_info=&#8221;{}&#8221;][\/et_pb_blurb][\/et_pb_column][et_pb_column type=&#8221;1_4&#8243; _builder_version=&#8221;3.25&#8243; custom_padding=&#8221;74px|||&#8221; custom_padding_tablet=&#8221;40px|||&#8221; custom_padding_phone=&#8221;20px|||&#8221; custom_padding_last_edited=&#8221;off|desktop&#8221; global_colors_info=&#8221;{}&#8221; padding_phone=&#8221;20px|||&#8221; padding_tablet=&#8221;40px|||&#8221; padding_last_edited=&#8221;off|desktop&#8221; custom_padding__hover=&#8221;|||&#8221;][et_pb_blurb title=&#8221;2 Zimmer&#8221; use_icon=&#8221;on&#8221; font_icon=&#8221;&#xe074;||divi||400&#8243; icon_color=&#8221;#c3cfd6&#8243; icon_placement=&#8221;left&#8221; image_icon_width=&#8221;24px&#8221; _builder_version=&#8221;4.13.0&#8243; header_level=&#8221;h5&#8243; header_font=&#8221;Raleway|700|||||||&#8221; header_line_height=&#8221;1.4em&#8221; icon_font_size=&#8221;24px&#8221; global_colors_info=&#8221;{}&#8221;][\/et_pb_blurb][\/et_pb_column][et_pb_column type=&#8221;1_4&#8243; _builder_version=&#8221;3.25&#8243; custom_padding=&#8221;74px|||&#8221; custom_padding_tablet=&#8221;40px|||&#8221; custom_padding_phone=&#8221;20px|||&#8221; custom_padding_last_edited=&#8221;off|desktop&#8221; global_colors_info=&#8221;{}&#8221; padding_phone=&#8221;20px|||&#8221; padding_tablet=&#8221;40px|||&#8221; padding_last_edited=&#8221;off|desktop&#8221; custom_padding__hover=&#8221;|||&#8221;][et_pb_blurb title=&#8221;\u00dcbernachtung mit Fr\u00fchst\u00fcck&#8221; use_icon=&#8221;on&#8221; font_icon=&#8221;&#xe0dc;||divi||400&#8243; icon_color=&#8221;#c3cfd6&#8243; icon_placement=&#8221;left&#8221; image_icon_width=&#8221;24px&#8221; _builder_version=&#8221;4.13.0&#8243; header_level=&#8221;h5&#8243; header_font=&#8221;Raleway|700|||||||&#8221; header_line_height=&#8221;1.4em&#8221; icon_font_size=&#8221;24px&#8221; global_colors_info=&#8221;{}&#8221;][\/et_pb_blurb][\/et_pb_column][et_pb_column type=&#8221;1_4&#8243; _builder_version=&#8221;4.9.7&#8243; background_color=&#8221;#dd9933&#8243; custom_padding=&#8221;|||&#8221; custom_padding_tablet=&#8221;20px||20px||true&#8221; custom_padding_last_edited=&#8221;off|desktop&#8221; global_colors_info=&#8221;{}&#8221; padding_tablet=&#8221;20px||20px||true&#8221; padding_last_edited=&#8221;off|desktop&#8221; custom_padding__hover=&#8221;|||&#8221;][et_pb_button button_url=&#8221;https:\/\/pensiondeboerderij.com\/de\/kontaktinformation\/&#8221; button_text=&#8221;Jetzt buchen&#8221; button_alignment=&#8221;center&#8221; _builder_version=&#8221;4.14.2&#8243; custom_button=&#8221;on&#8221; button_text_color=&#8221;#ffffff&#8221; button_bg_color=&#8221;#dd9933&#8243; button_border_width=&#8221;10px&#8221; button_border_color=&#8221;rgba(0,0,0,0)&#8221; button_border_radius=&#8221;0px&#8221; button_font=&#8221;Raleway|700|||||||&#8221; custom_padding=&#8221;60px||60px||true&#8221; button_border_radius_hover=&#8221;0px&#8221; global_colors_info=&#8221;{}&#8221; button_text_size__hover_enabled=&#8221;off&#8221; button_one_text_size__hover_enabled=&#8221;off&#8221; button_two_text_size__hover_enabled=&#8221;off&#8221; button_text_color__hover_enabled=&#8221;off&#8221; button_one_text_color__hover_enabled=&#8221;off&#8221; button_two_text_color__hover_enabled=&#8221;off&#8221; button_border_width__hover_enabled=&#8221;off&#8221; button_one_border_width__hover_enabled=&#8221;off&#8221; button_two_border_width__hover_enabled=&#8221;off&#8221; button_border_color__hover_enabled=&#8221;off&#8221; button_one_border_color__hover_enabled=&#8221;off&#8221; button_two_border_color__hover_enabled=&#8221;off&#8221; button_border_radius__hover_enabled=&#8221;on&#8221; button_border_radius__hover=&#8221;0px&#8221; button_one_border_radius__hover_enabled=&#8221;off&#8221; button_two_border_radius__hover_enabled=&#8221;off&#8221; button_letter_spacing__hover_enabled=&#8221;off&#8221; button_one_letter_spacing__hover_enabled=&#8221;off&#8221; button_two_letter_spacing__hover_enabled=&#8221;off&#8221; button_bg_color__hover_enabled=&#8221;off&#8221; button_one_bg_color__hover_enabled=&#8221;off&#8221; button_two_bg_color__hover_enabled=&#8221;off&#8221;][\/et_pb_button][\/et_pb_column][\/et_pb_row][\/et_pb_section][et_pb_section fb_built=&#8221;1&#8243; admin_label=&#8221;Room Details&#8221; _builder_version=&#8221;3.22&#8243; global_colors_info=&#8221;{}&#8221;][et_pb_row _builder_version=&#8221;4.9.7&#8243; _module_preset=&#8221;default&#8221; custom_padding=&#8221;0px||0px||false|false&#8221; global_colors_info=&#8221;{}&#8221;][et_pb_column type=&#8221;4_4&#8243; _builder_version=&#8221;4.9.7&#8243; _module_preset=&#8221;default&#8221; global_colors_info=&#8221;{}&#8221;][et_pb_text _builder_version=&#8221;4.9.10&#8243; _module_preset=&#8221;default&#8221; global_colors_info=&#8221;{}&#8221;]<\/p>\n<h3>Reiseinformationen<\/h3>\n<p><b>Gute Vorbereitung:<\/b><\/p>\n<ul>\n<li>Luxemburg liegt zwar nicht am anderen Ende der Welt, aber es ist auch nicht gerade um die Ecke.<\/li>\n<li>Auch hier ist eine gute Vorbereitung die halbe Miete.<\/li>\n<li>Nat\u00fcrlich k\u00f6nnen Sie sich jederzeit mit Ihren Fragen an uns wenden!!<\/li>\n<\/ul>\n<p>[\/et_pb_text][et_pb_text _builder_version=&#8221;4.14.2&#8243; _module_preset=&#8221;default&#8221; hover_enabled=&#8221;0&#8243; global_colors_info=&#8221;{}&#8221; sticky_enabled=&#8221;0&#8243;]<b>Ein paar informative Links:<\/b><\/p>\n<ul>\n<li>Tourist-Information Berdorf: <a href=\"https:\/\/www.visitberdorf.lu\/\" target=\"_blank\" rel=\"noopener\" title=\"Tourist-Information Berdorf\">https:\/\/www.visitberdorf.lu\/<\/a><\/li>\n<li>NL-Botschaft in Luxemburg: <a href=\"https:\/\/www.netherlandsworldwide.nl\/countries\/luxembourg\/about-us\/embassy-in-luxembourg\" target=\"_blank\" rel=\"noopener\" title=\"NL-Botschaft in Luxemburg\">https:\/\/www.netherlandsworldwide.nl\/countries\/luxembourg\/about-us\/embassy-in-luxembourg<\/a><\/li>\n<li>Website der Stadt Luxemburg: <a href=\"https:\/\/www.visitluxembourg.com\/de\/regionen\/luxemburg-hauptstadt\" target=\"_blank\" rel=\"noopener\" title=\"Website der Stadt Luxemburg\">https:\/\/www.visitluxembourg.com\/de\/regionen\/luxemburg-hauptstadt<\/a><\/li>\n<\/ul>\n<p>[\/et_pb_text][\/et_pb_column][\/et_pb_row][\/et_pb_section]<\/p>\n","protected":false},"excerpt":{"rendered":"<p>Reiseinformationen sind wichtig ReiseinformationenReiseinformationen Gute Vorbereitung: Luxemburg liegt zwar nicht am anderen Ende der Welt, aber es ist auch nicht gerade um die Ecke. Auch hier ist eine gute Vorbereitung die halbe Miete. Nat\u00fcrlich k\u00f6nnen Sie sich jederzeit mit Ihren Fragen an uns wenden!! Ein paar informative Links: Tourist-Information Berdorf: https:\/\/www.visitberdorf.lu\/ NL-Botschaft in Luxemburg: https:\/\/www.netherlandsworldwide.nl\/countries\/luxembourg\/about-us\/embassy-in-luxembourg [&hellip;]<\/p>\n","protected":false},"author":1,"featured_media":0,"parent":1136,"menu_order":10,"comment_status":"closed","ping_status":"closed","template":"","meta":{"_et_pb_use_builder":"on","_et_pb_old_content":"","_et_gb_content_width":"","footnotes":""},"class_list":["post-1139","page","type-page","status-publish","hentry"],"yoast_head":"<!-- This site is optimized with the Yoast SEO plugin v27.4 - https:\/\/yoast.com\/product\/yoast-seo-wordpress\/ -->\n<title>Reiseinformationen - Pension De Boerderij<\/title>\n<meta name=\"robots\" content=\"index, follow, max-snippet:-1, max-image-preview:large, max-video-preview:-1\" \/>\n<link rel=\"canonical\" href=\"https:\/\/pensiondeboerderij.com\/de\/erreichbarkeit\/reiseinformation\/\" \/>\n<meta property=\"og:locale\" content=\"de_DE\" \/>\n<meta property=\"og:type\" content=\"article\" \/>\n<meta property=\"og:title\" content=\"Reiseinformationen - Pension De Boerderij\" \/>\n<meta property=\"og:description\" content=\"Reiseinformationen sind wichtig ReiseinformationenReiseinformationen Gute Vorbereitung: Luxemburg liegt zwar nicht am anderen Ende der Welt, aber es ist auch nicht gerade um die Ecke. Auch hier ist eine gute Vorbereitung die halbe Miete. Nat\u00fcrlich k\u00f6nnen Sie sich jederzeit mit Ihren Fragen an uns wenden!! Ein paar informative Links: Tourist-Information Berdorf: https:\/\/www.visitberdorf.lu\/ NL-Botschaft in Luxemburg: https:\/\/www.netherlandsworldwide.nl\/countries\/luxembourg\/about-us\/embassy-in-luxembourg [&hellip;]\" \/>\n<meta property=\"og:url\" content=\"https:\/\/pensiondeboerderij.com\/de\/erreichbarkeit\/reiseinformation\/\" \/>\n<meta property=\"og:site_name\" content=\"Pension De Boerderij\" \/>\n<meta property=\"article:modified_time\" content=\"2022-01-10T09:58:38+00:00\" \/>\n<meta name=\"twitter:card\" content=\"summary_large_image\" \/>\n<meta name=\"twitter:label1\" content=\"Gesch\u00e4tzte Lesezeit\" \/>\n\t<meta name=\"twitter:data1\" content=\"5\u00a0Minuten\" \/>\n<script type=\"application\/ld+json\" class=\"yoast-schema-graph\">{\"@context\":\"https:\\\/\\\/schema.org\",\"@graph\":[{\"@type\":\"WebPage\",\"@id\":\"https:\\\/\\\/pensiondeboerderij.com\\\/de\\\/erreichbarkeit\\\/reiseinformation\\\/\",\"url\":\"https:\\\/\\\/pensiondeboerderij.com\\\/de\\\/erreichbarkeit\\\/reiseinformation\\\/\",\"name\":\"Reiseinformationen - Pension De Boerderij\",\"isPartOf\":{\"@id\":\"https:\\\/\\\/pensiondeboerderij.com\\\/de\\\/#website\"},\"datePublished\":\"2021-07-16T10:09:45+00:00\",\"dateModified\":\"2022-01-10T09:58:38+00:00\",\"breadcrumb\":{\"@id\":\"https:\\\/\\\/pensiondeboerderij.com\\\/de\\\/erreichbarkeit\\\/reiseinformation\\\/#breadcrumb\"},\"inLanguage\":\"de\",\"potentialAction\":[{\"@type\":\"ReadAction\",\"target\":[\"https:\\\/\\\/pensiondeboerderij.com\\\/de\\\/erreichbarkeit\\\/reiseinformation\\\/\"]}]},{\"@type\":\"BreadcrumbList\",\"@id\":\"https:\\\/\\\/pensiondeboerderij.com\\\/de\\\/erreichbarkeit\\\/reiseinformation\\\/#breadcrumb\",\"itemListElement\":[{\"@type\":\"ListItem\",\"position\":1,\"name\":\"Home\",\"item\":\"https:\\\/\\\/pensiondeboerderij.com\\\/de\\\/\"},{\"@type\":\"ListItem\",\"position\":2,\"name\":\"Barrierefreiheit\",\"item\":\"https:\\\/\\\/pensiondeboerderij.com\\\/de\\\/erreichbarkeit\\\/\"},{\"@type\":\"ListItem\",\"position\":3,\"name\":\"Reiseinformationen\"}]},{\"@type\":\"WebSite\",\"@id\":\"https:\\\/\\\/pensiondeboerderij.com\\\/de\\\/#website\",\"url\":\"https:\\\/\\\/pensiondeboerderij.com\\\/de\\\/\",\"name\":\"Pension De Boerderij\",\"description\":\"Ligt in het schitterende M\u00fcllerthal, ook wel klein Zwitserland genoemd.\",\"potentialAction\":[{\"@type\":\"SearchAction\",\"target\":{\"@type\":\"EntryPoint\",\"urlTemplate\":\"https:\\\/\\\/pensiondeboerderij.com\\\/de\\\/?s={search_term_string}\"},\"query-input\":{\"@type\":\"PropertyValueSpecification\",\"valueRequired\":true,\"valueName\":\"search_term_string\"}}],\"inLanguage\":\"de\"}]}<\/script>\n<!-- \/ Yoast SEO plugin. -->","yoast_head_json":{"title":"Reiseinformationen - Pension De Boerderij","robots":{"index":"index","follow":"follow","max-snippet":"max-snippet:-1","max-image-preview":"max-image-preview:large","max-video-preview":"max-video-preview:-1"},"canonical":"https:\/\/pensiondeboerderij.com\/de\/erreichbarkeit\/reiseinformation\/","og_locale":"de_DE","og_type":"article","og_title":"Reiseinformationen - Pension De Boerderij","og_description":"Reiseinformationen sind wichtig ReiseinformationenReiseinformationen Gute Vorbereitung: Luxemburg liegt zwar nicht am anderen Ende der Welt, aber es ist auch nicht gerade um die Ecke. Auch hier ist eine gute Vorbereitung die halbe Miete. Nat\u00fcrlich k\u00f6nnen Sie sich jederzeit mit Ihren Fragen an uns wenden!! Ein paar informative Links: Tourist-Information Berdorf: https:\/\/www.visitberdorf.lu\/ NL-Botschaft in Luxemburg: https:\/\/www.netherlandsworldwide.nl\/countries\/luxembourg\/about-us\/embassy-in-luxembourg [&hellip;]","og_url":"https:\/\/pensiondeboerderij.com\/de\/erreichbarkeit\/reiseinformation\/","og_site_name":"Pension De Boerderij","article_modified_time":"2022-01-10T09:58:38+00:00","twitter_card":"summary_large_image","twitter_misc":{"Gesch\u00e4tzte Lesezeit":"5\u00a0Minuten"},"schema":{"@context":"https:\/\/schema.org","@graph":[{"@type":"WebPage","@id":"https:\/\/pensiondeboerderij.com\/de\/erreichbarkeit\/reiseinformation\/","url":"https:\/\/pensiondeboerderij.com\/de\/erreichbarkeit\/reiseinformation\/","name":"Reiseinformationen - Pension De Boerderij","isPartOf":{"@id":"https:\/\/pensiondeboerderij.com\/de\/#website"},"datePublished":"2021-07-16T10:09:45+00:00","dateModified":"2022-01-10T09:58:38+00:00","breadcrumb":{"@id":"https:\/\/pensiondeboerderij.com\/de\/erreichbarkeit\/reiseinformation\/#breadcrumb"},"inLanguage":"de","potentialAction":[{"@type":"ReadAction","target":["https:\/\/pensiondeboerderij.com\/de\/erreichbarkeit\/reiseinformation\/"]}]},{"@type":"BreadcrumbList","@id":"https:\/\/pensiondeboerderij.com\/de\/erreichbarkeit\/reiseinformation\/#breadcrumb","itemListElement":[{"@type":"ListItem","position":1,"name":"Home","item":"https:\/\/pensiondeboerderij.com\/de\/"},{"@type":"ListItem","position":2,"name":"Barrierefreiheit","item":"https:\/\/pensiondeboerderij.com\/de\/erreichbarkeit\/"},{"@type":"ListItem","position":3,"name":"Reiseinformationen"}]},{"@type":"WebSite","@id":"https:\/\/pensiondeboerderij.com\/de\/#website","url":"https:\/\/pensiondeboerderij.com\/de\/","name":"Pension De Boerderij","description":"Ligt in het schitterende M\u00fcllerthal, ook wel klein Zwitserland genoemd.","potentialAction":[{"@type":"SearchAction","target":{"@type":"EntryPoint","urlTemplate":"https:\/\/pensiondeboerderij.com\/de\/?s={search_term_string}"},"query-input":{"@type":"PropertyValueSpecification","valueRequired":true,"valueName":"search_term_string"}}],"inLanguage":"de"}]}},"_links":{"self":[{"href":"https:\/\/pensiondeboerderij.com\/de\/wp-json\/wp\/v2\/pages\/1139","targetHints":{"allow":["GET"]}}],"collection":[{"href":"https:\/\/pensiondeboerderij.com\/de\/wp-json\/wp\/v2\/pages"}],"about":[{"href":"https:\/\/pensiondeboerderij.com\/de\/wp-json\/wp\/v2\/types\/page"}],"author":[{"embeddable":true,"href":"https:\/\/pensiondeboerderij.com\/de\/wp-json\/wp\/v2\/users\/1"}],"replies":[{"embeddable":true,"href":"https:\/\/pensiondeboerderij.com\/de\/wp-json\/wp\/v2\/comments?post=1139"}],"version-history":[{"count":11,"href":"https:\/\/pensiondeboerderij.com\/de\/wp-json\/wp\/v2\/pages\/1139\/revisions"}],"predecessor-version":[{"id":1908,"href":"https:\/\/pensiondeboerderij.com\/de\/wp-json\/wp\/v2\/pages\/1139\/revisions\/1908"}],"up":[{"embeddable":true,"href":"https:\/\/pensiondeboerderij.com\/de\/wp-json\/wp\/v2\/pages\/1136"}],"wp:attachment":[{"href":"https:\/\/pensiondeboerderij.com\/de\/wp-json\/wp\/v2\/media?parent=1139"}],"curies":[{"name":"wp","href":"https:\/\/api.w.org\/{rel}","templated":true}]}}